{"id":677,"date":"2017-01-19T15:54:07","date_gmt":"2017-01-19T15:54:07","guid":{"rendered":"http:\/\/decarb2017.eu\/?page_id=677"},"modified":"2025-04-08T14:30:21","modified_gmt":"2025-04-08T14:30:21","slug":"partners","status":"publish","type":"page","link":"https:\/\/decarbcities.eu\/pl\/partners\/","title":{"rendered":"Partnerzy"},"content":{"rendered":"<p>Decarb Cities z dum\u0105 wsp\u00f3\u0142pracuje z nast\u0119puj\u0105cymi partnerami stowarzyszenia:<\/p>\n\n\n\n<div class=\"wp-block-media-text is-stacked-on-mobile\"><figure class=\"wp-block-media-text__media\"><a href=\"https:\/\/revolve.media\/\"><img loading=\"lazy\" decoding=\"async\" width=\"1030\" height=\"338\" src=\"https:\/\/decarbcities.eu\/wp-content\/uploads\/2025\/04\/REVOLVE-negative-1030x338.png\" alt=\"\" class=\"wp-image-8202 size-full\" srcset=\"https:\/\/decarbcities.eu\/wp-content\/uploads\/2025\/04\/REVOLVE-negative-1030x338.png 1030w, https:\/\/decarbcities.eu\/wp-content\/uploads\/2025\/04\/REVOLVE-negative-300x98.png 300w, https:\/\/decarbcities.eu\/wp-content\/uploads\/2025\/04\/REVOLVE-negative-768x252.png 768w, https:\/\/decarbcities.eu\/wp-content\/uploads\/2025\/04\/REVOLVE-negative-1536x504.png 1536w, https:\/\/decarbcities.eu\/wp-content\/uploads\/2025\/04\/REVOLVE-negative-18x6.png 18w, https:\/\/decarbcities.eu\/wp-content\/uploads\/2025\/04\/REVOLVE-negative.png 2000w\" sizes=\"auto, (max-width: 1030px) 100vw, 1030px\" \/><\/a><\/figure><div class=\"wp-block-media-text__content\">\n<p><em><u><a href=\"https:\/\/revolve.media\/\">REVOLVE<\/a><\/u>\u00a0to grupa komunikacyjna promuj\u0105ca kultur\u0119 zr\u00f3wnowa\u017conego rozwoju. REVOLVE wspiera liczne projekty zorientowane na zr\u00f3wnowa\u017cony rozw\u00f3j, aby zmaksymalizowa\u0107 ich wp\u0142yw, kieruj\u0105c strategi\u0105 komunikacji i rozpowszechniania, brandingiem wizualnym, tworzeniem tre\u015bci, analiz\u0105, organizacj\u0105 wydarze\u0144 i relacjami prasowymi. REVOLVE wsp\u00f3\u0142pracuje z partnerami przy tworzeniu specjalnych raport\u00f3w dotycz\u0105cych zr\u00f3wnowa\u017conego rozwoju i publikuje w\u0142asny, wielokrotnie nagradzany kwartalnik po\u015bwi\u0119cony zr\u00f3wnowa\u017conemu zarz\u0105dzaniu ekosystemami, transformacji energetycznej, bezpiecze\u0144stwu wodnemu, ekologicznej mobilno\u015bci i gospodarce o obiegu zamkni\u0119tym.<\/em><\/p>\n<\/div><\/div>","protected":false},"excerpt":{"rendered":"<p>Decarb Cities z dum\u0105 wsp\u00f3\u0142pracuje z nast\u0119puj\u0105cymi partnerami: REVOLVE to grupa komunikacyjna wspieraj\u0105ca kultur\u0119 zr\u00f3wnowa\u017conego rozwoju. REVOLVE wspiera liczne projekty zorientowane na zr\u00f3wnowa\u017cony rozw\u00f3j, aby zmaksymalizowa\u0107 ich wp\u0142yw, prowadz\u0105c strategi\u0119 komunikacji i rozpowszechniania, branding wizualny, tworzenie tre\u015bci, analityk\u0119, organizacj\u0119 wydarze\u0144 i relacje prasowe. REVOLVE wsp\u00f3\u0142pracuje z partnerami przy tworzeniu specjalnych raport\u00f3w dotycz\u0105cych zr\u00f3wnowa\u017conego rozwoju i publikuje w\u0142asne [...]<\/p>","protected":false},"author":7,"featured_media":0,"parent":0,"menu_order":0,"comment_status":"closed","ping_status":"closed","template":"","meta":{"footnotes":""},"class_list":["post-677","page","type-page","status-publish","hentry"],"acf":[],"_links":{"self":[{"href":"https:\/\/decarbcities.eu\/pl\/wp-json\/wp\/v2\/pages\/677","targetHints":{"allow":["GET"]}}],"collection":[{"href":"https:\/\/decarbcities.eu\/pl\/wp-json\/wp\/v2\/pages"}],"about":[{"href":"https:\/\/decarbcities.eu\/pl\/wp-json\/wp\/v2\/types\/page"}],"author":[{"embeddable":true,"href":"https:\/\/decarbcities.eu\/pl\/wp-json\/wp\/v2\/users\/7"}],"replies":[{"embeddable":true,"href":"https:\/\/decarbcities.eu\/pl\/wp-json\/wp\/v2\/comments?post=677"}],"version-history":[{"count":2,"href":"https:\/\/decarbcities.eu\/pl\/wp-json\/wp\/v2\/pages\/677\/revisions"}],"predecessor-version":[{"id":8204,"href":"https:\/\/decarbcities.eu\/pl\/wp-json\/wp\/v2\/pages\/677\/revisions\/8204"}],"wp:attachment":[{"href":"https:\/\/decarbcities.eu\/pl\/wp-json\/wp\/v2\/media?parent=677"}],"curies":[{"name":"wp","href":"https:\/\/api.w.org\/{rel}","templated":true}]}}